{"id":80,"date":"2026-03-03T03:44:37","date_gmt":"2026-03-03T03:44:37","guid":{"rendered":"https:\/\/shotdabeleza.shop\/?page_id=80"},"modified":"2026-03-03T04:05:09","modified_gmt":"2026-03-03T04:05:09","slug":"downsell","status":"publish","type":"page","link":"https:\/\/shotdabeleza.shop\/?page_id=80","title":{"rendered":"downsell"},"content":{"rendered":"\t\t<div data-elementor-type=\"wp-page\" data-elementor-id=\"80\" class=\"elementor elementor-80\">\n\t\t\t\t<div class=\"elementor-element elementor-element-637997d e-flex e-con-boxed e-con e-parent\" data-id=\"637997d\" data-element_type=\"container\" data-e-type=\"container\">\n\t\t\t\t\t<div class=\"e-con-inner\">\n\t\t\t\t<div class=\"elementor-element elementor-element-546f822 elementor-widget elementor-widget-html\" data-id=\"546f822\" data-element_type=\"widget\" data-e-type=\"widget\" data-widget_type=\"html.default\">\n\t\t\t\t\t\r\n      <script>\r\n        var offer = \"60803d71-3e2e-4912-93b2-62d9140c38f2\";\r\n        var nextPageURL = \"https:\/\/shotdabeleza.shop\/?page_id=70\";\r\n        var refusePageURL = \"https:\/\/shotdabeleza.shop\/?page_id=80\";\r\n      <\/script>\r\n      <script src=\"https:\/\/snippets.kirvano.com\/upsell.min.js\"><\/script>\r\n      <!--\r\n      INSTRU\u00c7\u00d5ES:\r\n\r\n      ============================================================\r\n      MODO 1: OFERTA \u00daNICA\r\n      ============================================================\r\n\r\n      Para abrir o modal do upsell, basta adicionar a classe\r\n\"kirvano-payment-trigger\" no(s) elemento(s)\r\n      da p\u00e1gina que v\u00e3o executar a a\u00e7\u00e3o de compra.\r\n\r\n      Exemplo:\r\n      <button class=\"kirvano-payment-trigger\">Sim, eu aceito essa oferta\r\nespecial!<\/button>\r\n\r\n      Da mesma forma, para rejeitar a oferta, adicione a classe\r\n\"kirvano-refuse-trigger\"\r\n      no(s) elemento(s) por essa a\u00e7\u00e3o. Dependendo de como sua estrat\u00e9gia foi\r\nconfigurada,\r\n      o cliente ser\u00e1 direcionado para uma nova oferta ou para a \"P\u00e1gina de obrigado\"\r\nda Kirvano.\r\n\r\n      Exemplo:\r\n      <button class=\"kirvano-refuse-trigger\">N\u00e3o, eu gostaria de recusar essa\r\noferta<\/button>\r\n\r\n      ============================================================\r\n      MODO 2: M\u00daLTIPLAS OFERTAS\r\n      ============================================================\r\n\r\n      Se voc\u00ea deseja ter v\u00e1rios bot\u00f5es com ofertas diferentes na mesma p\u00e1gina,\r\n      use o \"window.offerMap\":\r\n\r\n      <script>\r\n        \/\/ Configure as ofertas por ID de bot\u00e3o\r\n        window.offerMap = {\r\n          'btn-premium': {\r\n            offer: \"uuid-da-oferta-premium\",\r\n            nextPageURL: \"https:\/\/exemplo.com\/proxima-oferta\",  \/\/ opcional\r\n            refusePageURL: null  \/\/ opcional\r\n          },\r\n          'btn-basico': {\r\n            offer: \"uuid-da-oferta-basica\",\r\n            nextPageURL: null,\r\n            refusePageURL: null\r\n          },\r\n          'btn-gratis': {\r\n            offer: \"uuid-da-oferta-gratis\"\r\n            \/\/ nextPageURL e refusePageURL s\u00e3o opcionais\r\n          }\r\n        };\r\n      <\/script>\r\n\r\n      Adicione o ID correspondente em cada bot\u00e3o\r\n\r\n      <button id=\"btn-premium\" class=\"kirvano-payment-trigger\">\r\n        Oferta Premium - R$ 197\r\n      <\/button>\r\n\r\n      <button id=\"btn-basico\" class=\"kirvano-payment-trigger\">\r\n        Oferta B\u00e1sica - R$ 97\r\n      <\/button>\r\n\r\n      <button id=\"btn-gratis\" class=\"kirvano-payment-trigger\">\r\n        Oferta Gr\u00e1tis\r\n      <\/button>\r\n\r\n      IMPORTANTE:\r\n      - O ID do bot\u00e3o deve corresponder exatamente \u00e0 chave no offerMap\r\n      - Bot\u00f5es sem ID usar\u00e3o a vari\u00e1vel global \"offer\" como fallback\r\n      - Voc\u00ea pode combinar ambos os modos na mesma p\u00e1gina\r\n\r\n      ============================================================\r\n      -->\r\n      \t\t\t\t<\/div>\n\t\t\t\t<div class=\"elementor-element elementor-element-d177d94 elementor-widget elementor-widget-heading\" data-id=\"d177d94\" data-element_type=\"widget\" data-e-type=\"widget\" data-settings=\"{&quot;_animation_mobile&quot;:&quot;fadeInDown&quot;}\" data-widget_type=\"heading.default\">\n\t\t\t\t\t<h2 class=\"elementor-heading-title elementor-size-default\">SUA \u00daLTIMA CHANCE!!!<\/h2>\t\t\t\t<\/div>\n\t\t\t\t<div class=\"elementor-element elementor-element-06e907f elementor-widget elementor-widget-text-editor\" data-id=\"06e907f\" data-element_type=\"widget\" data-e-type=\"widget\" data-widget_type=\"text-editor.default\">\n\t\t\t\t\t\t\t\t\t<p style=\"text-align: center;\">PROTOCOLO PELE DE PORCELANDA COMPLETO <span style=\"text-decoration: underline; color: #00ff00;\"><strong>POR APENAS R$67,00<\/strong><\/span><\/p>\t\t\t\t\t\t\t\t<\/div>\n\t\t\t\t<div class=\"elementor-element elementor-element-90dd441 elementor-widget elementor-widget-html\" data-id=\"90dd441\" data-element_type=\"widget\" data-e-type=\"widget\" data-widget_type=\"html.default\">\n\t\t\t\t\t<vturb-smartplayer id=\"vid-69a65a5d10258bc4a1061369\" style=\"display: block; margin: 0 auto; width: 100%; max-width: 400px;\"><\/vturb-smartplayer> <script type=\"text\/javascript\"> var s=document.createElement(\"script\"); s.src=\"https:\/\/scripts.converteai.net\/413db042-8c92-4cdc-b533-f8377a7cb338\/players\/69a65a5d10258bc4a1061369\/v4\/player.js\", s.async=!0,document.head.appendChild(s); <\/script>\n\n<div style=\"\n  width: 100%;\n  max-width: 600px;\n  margin: 40px auto;\n  padding: 20px;\n  text-align: center;\n  position: relative;\n  z-index: 9999;\n\">\n\n  <!-- BOT\u00c3O ACEITAR -->\n  <button class=\"kirvano-payment-trigger\" \n  style=\"\n    width: 100%;\n    background: linear-gradient(135deg, #16a34a, #22c55e);\n    color: #ffffff;\n    font-size: 18px;\n    font-weight: 800;\n    padding: 18px;\n    border: none;\n    border-radius: 12px;\n    cursor: pointer;\n    text-transform: uppercase;\n    letter-spacing: 1px;\n    margin-bottom: 20px;\n    box-shadow: 0 10px 25px rgba(34,197,94,0.35);\n    display: block;\n  \">\n    \u2705 SIM! QUERO APROVEITAR ESSA OFERTA\n  <\/button>\n\n  <!-- BOT\u00c3O RECUSAR -->\n  <button class=\"kirvano-refuse-trigger\" \n  style=\"\n    width: 100%;\n    background: #ffffff;\n    color: #333333;\n    font-size: 15px;\n    font-weight: 600;\n    padding: 14px;\n    border: 2px solid #e5e5e5;\n    border-radius: 12px;\n    cursor: pointer;\n    text-transform: uppercase;\n    letter-spacing: 0.5px;\n    box-shadow: 0 5px 15px rgba(0,0,0,0.05);\n    display: block;\n  \">\n    \u274c N\u00c3O, PREFIRO CONTINUAR SEM ISSO\n  <\/button>\n\n<\/div>\t\t\t\t<\/div>\n\t\t\t\t\t<\/div>\n\t\t\t\t<\/div>\n\t\t\t\t<\/div>\n\t\t","protected":false},"excerpt":{"rendered":"<p>SUA \u00daLTIMA CHANCE!!! PROTOCOLO PELE DE PORCELANDA COMPLETO POR APENAS R$67,00 \u2705 SIM! QUERO APROVEITAR ESSA OFERTA \u274c N\u00c3O, PREFIRO CONTINUAR SEM ISSO<\/p>\n","protected":false},"author":1,"featured_media":0,"parent":0,"menu_order":0,"comment_status":"closed","ping_status":"closed","template":"elementor_canvas","meta":{"footnotes":""},"class_list":["post-80","page","type-page","status-publish","hentry"],"_links":{"self":[{"href":"https:\/\/shotdabeleza.shop\/index.php?rest_route=\/wp\/v2\/pages\/80","targetHints":{"allow":["GET"]}}],"collection":[{"href":"https:\/\/shotdabeleza.shop\/index.php?rest_route=\/wp\/v2\/pages"}],"about":[{"href":"https:\/\/shotdabeleza.shop\/index.php?rest_route=\/wp\/v2\/types\/page"}],"author":[{"embeddable":true,"href":"https:\/\/shotdabeleza.shop\/index.php?rest_route=\/wp\/v2\/users\/1"}],"replies":[{"embeddable":true,"href":"https:\/\/shotdabeleza.shop\/index.php?rest_route=%2Fwp%2Fv2%2Fcomments&post=80"}],"version-history":[{"count":13,"href":"https:\/\/shotdabeleza.shop\/index.php?rest_route=\/wp\/v2\/pages\/80\/revisions"}],"predecessor-version":[{"id":108,"href":"https:\/\/shotdabeleza.shop\/index.php?rest_route=\/wp\/v2\/pages\/80\/revisions\/108"}],"wp:attachment":[{"href":"https:\/\/shotdabeleza.shop\/index.php?rest_route=%2Fwp%2Fv2%2Fmedia&parent=80"}],"curies":[{"name":"wp","href":"https:\/\/api.w.org\/{rel}","templated":true}]}}